{"id":445,"date":"2022-07-01T10:12:53","date_gmt":"2022-07-01T14:12:53","guid":{"rendered":"https:\/\/reformasjoca.wordpress.com\/?page_id=445"},"modified":"2023-03-31T00:48:27","modified_gmt":"2023-03-31T00:48:27","slug":"polimento-de-porcelanato","status":"publish","type":"page","link":"https:\/\/jocaobras.com\/index.php\/polimento-de-porcelanato\/","title":{"rendered":"Polimento de Porcelanato"},"content":{"rendered":"\n<div class=\"wp-block-media-text alignfull has-media-on-the-right is-stacked-on-mobile has-primary-background-color has-background\"><div class=\"wp-block-media-text__content\">\n\n<h1 class=\"wp-block-heading\" id=\"oi-eu-sou-o-joca-restaurador-de-pisos\" style=\"font-size:49px;\">Nosso m\u00e9todo  remove manchas e restaura o brilho do seu Porcelanato<\/h1>\n\n\n<p>Prontos para come\u00e7ar? Envie uma mensagem pelo WhatsApp j\u00e1. <\/p>\n\n\n<div class=\"wp-block-button is-style-outline is-style-outline--1\"><a class=\"wp-block-button__link has-background-color has-text-color wp-element-button\" href=\"https:\/\/api.whatsapp.com\/send?phone=5511967999978\">(11) 96799-9978<\/a><\/div>\n\n\n<div style=\"height:64px;\" aria-hidden=\"true\" class=\"wp-block-spacer\"><\/div>\n\n<\/div><figure class=\"wp-block-media-text__media\"><img loading=\"lazy\" decoding=\"async\" width=\"800\" height=\"533\" src=\"https:\/\/jocaobras.com\/wp-content\/uploads\/2021\/07\/adobestock_300248363.jpeg?w=750\" alt=\"\" class=\"wp-image-28 size-full\" srcset=\"https:\/\/jocaobras.com\/wp-content\/uploads\/2021\/07\/adobestock_300248363.jpeg 800w, https:\/\/jocaobras.com\/wp-content\/uploads\/2021\/07\/adobestock_300248363-300x200.jpeg 300w, https:\/\/jocaobras.com\/wp-content\/uploads\/2021\/07\/adobestock_300248363-768x512.jpeg 768w\" sizes=\"auto, (max-width: 800px) 100vw, 800px\" \/><\/figure><\/div>\n\n\n\n<h2 class=\"has-text-align-center wp-block-heading\" id=\"quem-somos\">Sobre<\/h2>\n\n\n\n<div class=\"wp-block-media-text alignwide is-stacked-on-mobile\"><figure class=\"wp-block-media-text__media\"><img loading=\"lazy\" decoding=\"async\" width=\"800\" height=\"534\" src=\"https:\/\/jocaobras.com\/wp-content\/uploads\/2021\/07\/adobestock_227824546.jpeg?w=750\" alt=\"\" class=\"wp-image-96 size-full\" srcset=\"https:\/\/jocaobras.com\/wp-content\/uploads\/2021\/07\/adobestock_227824546.jpeg 800w, https:\/\/jocaobras.com\/wp-content\/uploads\/2021\/07\/adobestock_227824546-300x200.jpeg 300w, https:\/\/jocaobras.com\/wp-content\/uploads\/2021\/07\/adobestock_227824546-768x513.jpeg 768w\" sizes=\"auto, (max-width: 800px) 100vw, 800px\" \/><\/figure><div class=\"wp-block-media-text__content\">\n<p><\/p>\n\n\n\n<p><strong>Oi, nossa miss\u00e3o<\/strong> \u00e9 criar um mundo mais verde, e inspirar o mundo a arrumar em vez de jogar fora. Nossa empresa j\u00e1 restaurou centenas de pisos e<strong> transformou ambientes e vidas. <\/strong><\/p>\n\n\n\n<p><strong>E voc\u00ea quer ser o pr\u00f3ximo? Entre em contato conosco hoje:<\/strong><\/p>\n\n\n\n<div class=\"wp-block-buttons is-layout-flex wp-block-buttons-is-layout-flex\">\n<div class=\"wp-block-button\"><a class=\"wp-block-button__link wp-element-button\" href=\"https:\/\/api.whatsapp.com\/send?phone=5511967999978\">96799-9978<\/a><\/div>\n<\/div>\n\n\n\n<p><\/p>\n<\/div><\/div>\n\n\n\n<h2 class=\"has-text-align-center wp-block-heading\" id=\"obras-realizadas-1\">Obras realizadas<\/h2>\n\n\n\n<p>J\u00e1 fizemos v\u00e1rios trabalhos (pequeno, m\u00e9dio e grande) com <strong>empresas<\/strong> renomeadas no mercado, <strong>resid\u00eancias, Igrejas e condom\u00ednios<\/strong>. E voc\u00ea vai ser o pr\u00f3ximo?<\/p>\n\n\n\n<div class=\"wp-block-cover alignwide is-light\"><span aria-hidden=\"true\" class=\"wp-block-cover__background has-background-dim-30 has-background-dim\"><\/span><img loading=\"lazy\" decoding=\"async\" width=\"940\" height=\"788\" class=\"wp-block-cover__image-background wp-image-300\" alt=\"\" src=\"https:\/\/jocaobras.com\/wp-content\/uploads\/2021\/09\/unear-2.png\" style=\"object-position:57% 85%\" data-object-fit=\"cover\" data-object-position=\"57% 85%\" srcset=\"https:\/\/jocaobras.com\/wp-content\/uploads\/2021\/09\/unear-2.png 940w, https:\/\/jocaobras.com\/wp-content\/uploads\/2021\/09\/unear-2-300x251.png 300w, https:\/\/jocaobras.com\/wp-content\/uploads\/2021\/09\/unear-2-768x644.png 768w\" sizes=\"auto, (max-width: 940px) 100vw, 940px\" \/><div class=\"wp-block-cover__inner-container is-layout-flow wp-block-cover-is-layout-flow\">\n<h2 class=\"has-text-align-center margin-top-half wp-block-heading\">                <\/h2>\n\n\n\n<div style=\"height:32px\" aria-hidden=\"true\" class=\"wp-block-spacer\"><\/div>\n<\/div><\/div>\n\n\n\n<p><\/p>\n\n\n\n<div class=\"wp-block-group alignfull has-background-background-color has-background\"><div class=\"wp-block-group__inner-container is-layout-flow wp-block-group-is-layout-flow\">\n<h2 class=\"has-text-align-center wp-block-heading\" id=\"restauracao-de-ardosia\">Restaura\u00e7\u00e3o de Ard\u00f3sia <\/h2>\n\n\n\n<hr class=\"wp-block-separator has-css-opacity\"\/>\n\n\n\n<p><span><b style=\"text-decoration:underline;\">Sua <\/b><span style=\"font-weight:600;\"><u>ard\u00f3sia<\/u><\/span><b style=\"text-decoration:underline;\">, manchou e perdeu o brilho?<\/b><\/span><u> <\/u><strong>Nosso <span style=\"text-decoration:underline;\">tratamento exclusivo<\/span> \u00e9 poderoso no tratamento de manchas e recupera\u00e7\u00e3o de brilho de Ard\u00f3sia.<\/strong><\/p>\n\n\n\n<div class=\"wp-block-buttons is-layout-flex wp-block-buttons-is-layout-flex\">\n<div class=\"wp-block-button\"><a class=\"wp-block-button__link wp-element-button\" href=\"https:\/\/api.whatsapp.com\/send?phone=5511967999978\">Entre em Contato por WhatsApp<\/a><\/div>\n<\/div>\n\n\n\n<div style=\"height:63px\" aria-hidden=\"true\" class=\"wp-block-spacer\"><\/div>\n\n\n\n<h2 class=\"has-text-align-center margin-top-half wp-block-heading\" id=\"servicos\">Servi\u00e7os<\/h2>\n\n\n\n<p class=\"has-text-align-center\">Sobre nosso processo de<strong> restaura\u00e7\u00e3o de brilho e remo\u00e7\u00e3o de manchas:<\/strong><\/p>\n\n\n\n<hr class=\"wp-block-separator has-css-opacity\"\/>\n\n\n\n<div class=\"wp-block-columns alignwide is-layout-flex wp-container-core-columns-is-layout-1 wp-block-columns-is-layout-flex\">\n<div class=\"wp-block-column is-layout-flow wp-block-column-is-layout-flow\">\n<figure class=\"wp-block-image size-large\"><img loading=\"lazy\" decoding=\"async\" width=\"800\" height=\"533\" src=\"https:\/\/jocaobras.com\/wp-content\/uploads\/2021\/07\/adobestock_119569383.jpeg?w=750\" alt=\"\" class=\"wp-image-83\" srcset=\"https:\/\/jocaobras.com\/wp-content\/uploads\/2021\/07\/adobestock_119569383.jpeg 800w, https:\/\/jocaobras.com\/wp-content\/uploads\/2021\/07\/adobestock_119569383-300x200.jpeg 300w, https:\/\/jocaobras.com\/wp-content\/uploads\/2021\/07\/adobestock_119569383-768x512.jpeg 768w\" sizes=\"auto, (max-width: 800px) 100vw, 800px\" \/><figcaption class=\"wp-element-caption\">Exterior black stone floor cleaning with polishing machine and chemical<\/figcaption><\/figure>\n\n\n\n<ul class=\"wp-block-list\">\n\n<li><strong>Tratamento de manchas, encardidos, riscos<\/strong> de pedra ard\u00f3sia<\/li>\n\n\n<li><strong>Lavagem e Limpeza<\/strong> profunda de ard\u00f3sia<\/li>\n\n\n<li>Recupera\u00e7\u00e3o de<strong> brilho (Polimento em brilho resina<\/strong>)<\/li>\n\n<\/ul>\n\n\n\n<div class=\"wp-block-buttons is-layout-flex wp-block-buttons-is-layout-flex\">\n<div class=\"wp-block-button\"><a class=\"wp-block-button__link wp-element-button\" href=\"https:\/\/api.whatsapp.com\/send?phone=5511967999978\">Ligue 96799-9978<\/a><\/div>\n<\/div>\n\n\n\n<div style=\"height:100px\" aria-hidden=\"true\" class=\"wp-block-spacer\"><\/div>\n\n\n\n<h2 class=\"has-text-align-center wp-block-heading\" id=\"beneficios-de-nossa-restauracao-de-ardosia\">Benef\u00edcios de nossa Restaura\u00e7\u00e3o de Ard\u00f3sia<\/h2>\n\n\n\n<hr class=\"wp-block-separator has-css-opacity\"\/>\n\n\n\n<p><strong>Nosso tratamento <\/strong>remove  manchas e riscos superficiais do sua ard\u00f3sia. <\/p>\n\n\n\n<figure class=\"wp-block-image size-large\"><img loading=\"lazy\" decoding=\"async\" width=\"800\" height=\"534\" src=\"https:\/\/jocaobras.com\/wp-content\/uploads\/2021\/07\/adobestock_331710979.jpeg?w=750\" alt=\"\" class=\"wp-image-86\" srcset=\"https:\/\/jocaobras.com\/wp-content\/uploads\/2021\/07\/adobestock_331710979.jpeg 800w, https:\/\/jocaobras.com\/wp-content\/uploads\/2021\/07\/adobestock_331710979-300x200.jpeg 300w, https:\/\/jocaobras.com\/wp-content\/uploads\/2021\/07\/adobestock_331710979-768x513.jpeg 768w\" sizes=\"auto, (max-width: 800px) 100vw, 800px\" \/><figcaption class=\"wp-element-caption\">partial view of african amercan cleaner washing floor with cleaning machine<\/figcaption><\/figure>\n\n\n\n<p>1.<strong> Sua ard\u00f3sia limpa.<\/strong>  Nossa restaura\u00e7\u00e3o \u00e9 <strong>ultra-forte no tratamento de encardidos<\/strong> superficiais de ard\u00f3sia<\/p>\n\n\n\n<p>2.<strong>&nbsp;Sua Ard\u00f3sia&nbsp;protegida.<\/strong>&nbsp;Nosso polimento em resina  proteje sua ard\u00f3sia <\/p>\n\n\n\n<p>3.&nbsp;<strong>Sua ard\u00f3sia brilhosa.<\/strong>&nbsp;Nosso polimento em resinas deixa sua ard\u00f3sia brilhando <\/p>\n\n\n\n<p>Pronto para valorizar sua pedra?<strong> Entre em contato hoje com nosso polidor, Santana, ligue:<\/strong><\/p>\n\n\n\n<div class=\"wp-block-buttons is-layout-flex wp-block-buttons-is-layout-flex\">\n<div class=\"wp-block-button\"><a class=\"wp-block-button__link wp-element-button\">96799-9978<\/a><\/div>\n<\/div>\n<\/div>\n<\/div>\n\n\n\n<div style=\"height:90px\" aria-hidden=\"true\" class=\"wp-block-spacer\"><\/div>\n\n\n\n<h2 class=\"has-text-align-center wp-block-heading\" id=\"entre-em-contato-conosco\">Entre em contato conosco! <\/h2>\n\n\n\n<hr class=\"wp-block-separator has-css-opacity\"\/>\n\n\n\n<p>Preencha o formul\u00e1rio e nosso polidor profissional vai entrar em contato com voc\u00ea<strong> ou nos chame nos WhatsApp (11) 96799-9978<\/strong><\/p>\n\n\n\n<div class=\"wp-block-jetpack-contact-form\">\n\n\n\n\n\n\n\n<p><\/p>\n\n<\/div>\n<\/div><\/div>\n\n\n\n<h2 class=\"wp-block-heading\"> <\/h2>\n\n\n\n<p><\/p>\n\n\n\n<div class=\"wp-block-group alignfull\"><div class=\"wp-block-group__inner-container is-layout-flow wp-block-group-is-layout-flow\">\n<div style=\"height:32px\" aria-hidden=\"true\" class=\"wp-block-spacer\"><\/div>\n\n\n\n<h2 class=\"has-text-align-center wp-block-heading\" id=\"nosso-diferencial\">Nosso diferencial <\/h2>\n\n\n\n<hr class=\"wp-block-separator has-css-opacity\"\/>\n\n\n\n<p>Aqui na Joca Obras, nossa meta \u00e9 dar vida a seu espa\u00e7o.<\/p>\n\n\n\n<div class=\"wp-block-media-text alignwide is-stacked-on-mobile is-image-fill\"><figure class=\"wp-block-media-text__media\" style=\"background-image:url(https:\/\/jocaobras.com\/wp-content\/uploads\/2021\/07\/adobestock_227824546.jpeg?w=800);background-position:44% 53%\"><img loading=\"lazy\" decoding=\"async\" width=\"800\" height=\"534\" src=\"https:\/\/jocaobras.com\/wp-content\/uploads\/2021\/07\/adobestock_227824546.jpeg?w=800\" alt=\"\" class=\"wp-image-96 size-large\" srcset=\"https:\/\/jocaobras.com\/wp-content\/uploads\/2021\/07\/adobestock_227824546.jpeg 800w, https:\/\/jocaobras.com\/wp-content\/uploads\/2021\/07\/adobestock_227824546-300x200.jpeg 300w, https:\/\/jocaobras.com\/wp-content\/uploads\/2021\/07\/adobestock_227824546-768x513.jpeg 768w\" sizes=\"auto, (max-width: 800px) 100vw, 800px\" \/><\/figure><div class=\"wp-block-media-text__content\">\n<div style=\"height:32px\" aria-hidden=\"true\" class=\"wp-block-spacer\"><\/div>\n\n\n\n<h3 class=\"wp-block-heading\" id=\"sua-pedra-limpa-brilhosa-atrativa\">Sua Pedra Limpa. Brilhosa. Atrativa!<\/h3>\n\n\n\n<ul class=\"wp-block-list\">\n\n<li> A Joca Obras oferece <span style=\"text-decoration:underline;\">nota fiscal eletr\u00f4nica.<\/span> <\/li>\n\n<\/ul>\n\n\n\n<ul class=\"wp-block-list\">\n\n<li><strong>30 anos recuperando de brilho<\/strong><span style=\"text-decoration:underline;\"> e removendo manchas<\/span> <\/li>\n\n<\/ul>\n\n\n\n<ul class=\"wp-block-list\">\n\n<li><strong>Atendimento direto com Especialista por WhatsApp<\/strong><\/li>\n\n<\/ul>\n\n\n\n<ul class=\"wp-block-list\">\n\n<li><strong>Or\u00e7amento por telefone <\/strong>para servi\u00e7os<strong> <\/strong>pequenos<strong> <\/strong><\/li>\n\n<\/ul>\n\n\n\n<ul class=\"wp-block-list\">\n\n<li><strong>Visita Gr\u00e1tis <\/strong>para servi\u00e7o grandes<\/li>\n\n<\/ul>\n\n\n\n<p><strong>Pe\u00e7a seu or\u00e7amento agora por WhatsApp:<\/strong><\/p>\n\n\n\n<div class=\"wp-block-buttons alignfull is-layout-flex wp-block-buttons-is-layout-flex\">\n<div class=\"wp-block-button\"><a class=\"wp-block-button__link wp-element-button\" href=\"https:\/\/api.whatsapp.com\/send?phone=5511967999978\">96799-9978<\/a><\/div>\n<\/div>\n\n\n\n<div style=\"height:32px\" aria-hidden=\"true\" class=\"wp-block-spacer\"><\/div>\n<\/div><\/div>\n\n\n\n<div style=\"height:87px\" aria-hidden=\"true\" class=\"wp-block-spacer\"><\/div>\n\n\n\n<h2 class=\"has-text-align-center wp-block-heading\" id=\"depoimentos\">Depoimentos<\/h2>\n\n\n\n<hr class=\"wp-block-separator has-css-opacity\"\/>\n\n\n\n<div class=\"wp-block-columns alignwide margin-top-none is-layout-flex wp-container-core-columns-is-layout-2 wp-block-columns-is-layout-flex\">\n<div class=\"wp-block-column is-layout-flow wp-block-column-is-layout-flow\">\n<figure class=\"wp-block-jetpack-rating-star margin-bottom-half\" style=\"text-align:center;\"><span>\u2605<\/span><span>\u2605<\/span><span>\u2605<\/span><span>\u2605<\/span><span>\u2605<\/span><\/figure>\n\n\n\n<p class=\"has-text-align-center margin-top-half\"><strong>Univar Brasil: &#8220;Servi\u00e7o altamente Profissional&#8221;<\/strong><\/p>\n\n\n\n<p class=\"has-text-align-center margin-bottom-none has-small-font-size\">&#8220;Empresa s\u00e9ria e competente, dif\u00edcil de encontrar algu\u00e9m assim no mercado. Servi\u00e7o r\u00e1pido, limpo e altamente profissional. Qualidade assegurada. Recomendo a todos. J\u00e1 fiz v\u00e1rios trabalhos com eles e me sinto muito seguro, principalmente com os pre\u00e7os praticados.&#8221;<\/p>\n\n\n\n<p class=\"has-text-align-center margin-top-none has-small-font-size\"><strong>Univar Brasil &#8211; Douglas Coelho<\/strong><\/p>\n<\/div>\n\n\n\n<div class=\"wp-block-column is-layout-flow wp-block-column-is-layout-flow\">\n<figure class=\"wp-block-jetpack-rating-star margin-bottom-half\" style=\"text-align:center;\"><span>\u2605<\/span><span>\u2605<\/span><span>\u2605<\/span><span>\u2605<\/span><span>\u2605<\/span><\/figure>\n\n\n\n<p class=\"has-text-align-center margin-top-half\"><strong>Marinha de S\u00e3o Paulo<\/strong>: <strong>&#8220;Profissionais atentos&#8221;<\/strong><\/p>\n\n\n\n<p class=\"has-text-align-center margin-bottom-none has-small-font-size\">&#8220;Reforma realizada na cantina localizada no&nbsp;Centro Tecnol\u00f3gico da Marinha&nbsp;em S\u00e3o Paulo, respeitando o&nbsp;<strong>prazo determinado<\/strong>, material de boa qualidade, pre\u00e7o na m\u00e9dia do mercado, profissionais atentos e educados, cumprindo aquilo que foi determinado.&#8221;<\/p>\n\n\n\n<p class=\"has-text-align-center margin-top-none has-small-font-size\"><strong>Marinha de S\u00e3o Paulo &#8211;<\/strong> <strong>Amilson Ribeiro<\/strong><\/p>\n<\/div>\n\n\n\n<div class=\"wp-block-column is-layout-flow wp-block-column-is-layout-flow\">\n<figure class=\"wp-block-jetpack-rating-star margin-bottom-half\" style=\"text-align:center;\"><span>\u2605<\/span><span>\u2605<\/span><\/figure>\n\n\n\n<p class=\"has-text-align-center margin-top-half\"><strong>HJ Brasil: &#8220;Atendimento de excel\u00eancia&#8221;<\/strong><\/p>\n\n\n\n<p class=\"has-small-font-size\">&#8220;Sempre conto com a presteza dos servi\u00e7os do Joca Obras.&nbsp;Atendimento de excel\u00eancia, honestidade, pre\u00e7o justo e rapidez. Super recomendo&#8221;.<\/p>\n\n\n\n<p class=\"has-text-align-center margin-top-none has-small-font-size\"><strong>Herika- HJ Entregas<\/strong><\/p>\n<\/div>\n<\/div>\n\n\n\n<div style=\"height:32px\" aria-hidden=\"true\" class=\"wp-block-spacer\"><\/div>\n<\/div><\/div>\n\n\n\n<h2 class=\"has-text-align-center wp-block-heading\" id=\"obras-realizadas\">Obras Realizadas<\/h2>\n\n\n\n<hr class=\"wp-block-separator has-css-opacity\"\/>\n\n\n\n<p><\/p>\n\n\n\n<div class=\"wp-block-buttons is-layout-flex wp-block-buttons-is-layout-flex\">\n<div class=\"wp-block-button\"><a class=\"wp-block-button__link wp-element-button\" href=\"https:\/\/api.whatsapp.com\/send?phone=5511967999978\">Pe\u00e7a or\u00e7amento por Whats<\/a><\/div>\n<\/div>\n\n\n\n<div style=\"height:160px\" aria-hidden=\"true\" class=\"wp-block-spacer\"><\/div>\n\n\n\n<h2 class=\"has-text-align-center wp-block-heading\" id=\"pronto-para-restaurar-a-beleza-de-seu-piso\">Pronto para restaurar a beleza de seu piso?<\/h2>\n\n\n\n<hr class=\"wp-block-separator has-css-opacity\"\/>\n\n\n\n<p>Aqui na Joca Obras, a gente odeia sujeiras e amamos limpeza! <strong>Temos Orgulho do nosso sistema que remove manchas com efic\u00e1cia e devolve o brilho m\u00e1ximo do seu piso.<\/strong><\/p>\n\n\n\n<figure class=\"wp-block-image size-large\"><img loading=\"lazy\" decoding=\"async\" width=\"1080\" height=\"1080\" src=\"https:\/\/jocaobras.com\/wp-content\/uploads\/2021\/08\/7969ad02-e330-4449-a78e-1e6d0b14c85b.png?w=750\" alt=\"\" class=\"wp-image-194\" srcset=\"https:\/\/jocaobras.com\/wp-content\/uploads\/2021\/08\/7969ad02-e330-4449-a78e-1e6d0b14c85b.png 1080w, https:\/\/jocaobras.com\/wp-content\/uploads\/2021\/08\/7969ad02-e330-4449-a78e-1e6d0b14c85b-300x300.png 300w, https:\/\/jocaobras.com\/wp-content\/uploads\/2021\/08\/7969ad02-e330-4449-a78e-1e6d0b14c85b-1024x1024.png 1024w, https:\/\/jocaobras.com\/wp-content\/uploads\/2021\/08\/7969ad02-e330-4449-a78e-1e6d0b14c85b-150x150.png 150w, https:\/\/jocaobras.com\/wp-content\/uploads\/2021\/08\/7969ad02-e330-4449-a78e-1e6d0b14c85b-768x768.png 768w\" sizes=\"auto, (max-width: 1080px) 100vw, 1080px\" \/><\/figure>\n\n\n\n<p> <\/p>\n\n\n\n<p>Veja fotos do nosso trabalho no Facebook ou Instagram:<\/p>\n\n\n\n<ul class=\"wp-block-social-links is-layout-flex wp-block-social-links-is-layout-flex\"><li class=\"wp-social-link wp-social-link-facebook  wp-block-social-link\"><a href=\"https:\/\/www.facebook.com\/jocaobras\" class=\"wp-block-social-link-anchor\"><svg width=\"24\" height=\"24\" viewBox=\"0 0 24 24\" version=\"1.1\" xmlns=\"http:\/\/www.w3.org\/2000\/svg\" aria-hidden=\"true\" focusable=\"false\"><path d=\"M12 2C6.5 2 2 6.5 2 12c0 5 3.7 9.1 8.4 9.9v-7H7.9V12h2.5V9.8c0-2.5 1.5-3.9 3.8-3.9 1.1 0 2.2.2 2.2.2v2.5h-1.3c-1.2 0-1.6.8-1.6 1.6V12h2.8l-.4 2.9h-2.3v7C18.3 21.1 22 17 22 12c0-5.5-4.5-10-10-10z\"><\/path><\/svg><span class=\"wp-block-social-link-label screen-reader-text\">Facebook<\/span><\/a><\/li>\n\n<li class=\"wp-social-link wp-social-link-instagram  wp-block-social-link\"><a href=\"https:\/\/www.instagram.com\/jocaobras\/\" class=\"wp-block-social-link-anchor\"><svg width=\"24\" height=\"24\" viewBox=\"0 0 24 24\" version=\"1.1\" xmlns=\"http:\/\/www.w3.org\/2000\/svg\" aria-hidden=\"true\" focusable=\"false\"><path d=\"M12,4.622c2.403,0,2.688,0.009,3.637,0.052c0.877,0.04,1.354,0.187,1.671,0.31c0.42,0.163,0.72,0.358,1.035,0.673 c0.315,0.315,0.51,0.615,0.673,1.035c0.123,0.317,0.27,0.794,0.31,1.671c0.043,0.949,0.052,1.234,0.052,3.637 s-0.009,2.688-0.052,3.637c-0.04,0.877-0.187,1.354-0.31,1.671c-0.163,0.42-0.358,0.72-0.673,1.035 c-0.315,0.315-0.615,0.51-1.035,0.673c-0.317,0.123-0.794,0.27-1.671,0.31c-0.949,0.043-1.233,0.052-3.637,0.052 s-2.688-0.009-3.637-0.052c-0.877-0.04-1.354-0.187-1.671-0.31c-0.42-0.163-0.72-0.358-1.035-0.673 c-0.315-0.315-0.51-0.615-0.673-1.035c-0.123-0.317-0.27-0.794-0.31-1.671C4.631,14.688,4.622,14.403,4.622,12 s0.009-2.688,0.052-3.637c0.04-0.877,0.187-1.354,0.31-1.671c0.163-0.42,0.358-0.72,0.673-1.035 c0.315-0.315,0.615-0.51,1.035-0.673c0.317-0.123,0.794-0.27,1.671-0.31C9.312,4.631,9.597,4.622,12,4.622 M12,3 C9.556,3,9.249,3.01,8.289,3.054C7.331,3.098,6.677,3.25,6.105,3.472C5.513,3.702,5.011,4.01,4.511,4.511 c-0.5,0.5-0.808,1.002-1.038,1.594C3.25,6.677,3.098,7.331,3.054,8.289C3.01,9.249,3,9.556,3,12c0,2.444,0.01,2.751,0.054,3.711 c0.044,0.958,0.196,1.612,0.418,2.185c0.23,0.592,0.538,1.094,1.038,1.594c0.5,0.5,1.002,0.808,1.594,1.038 c0.572,0.222,1.227,0.375,2.185,0.418C9.249,20.99,9.556,21,12,21s2.751-0.01,3.711-0.054c0.958-0.044,1.612-0.196,2.185-0.418 c0.592-0.23,1.094-0.538,1.594-1.038c0.5-0.5,0.808-1.002,1.038-1.594c0.222-0.572,0.375-1.227,0.418-2.185 C20.99,14.751,21,14.444,21,12s-0.01-2.751-0.054-3.711c-0.044-0.958-0.196-1.612-0.418-2.185c-0.23-0.592-0.538-1.094-1.038-1.594 c-0.5-0.5-1.002-0.808-1.594-1.038c-0.572-0.222-1.227-0.375-2.185-0.418C14.751,3.01,14.444,3,12,3L12,3z M12,7.378 c-2.552,0-4.622,2.069-4.622,4.622S9.448,16.622,12,16.622s4.622-2.069,4.622-4.622S14.552,7.378,12,7.378z M12,15 c-1.657,0-3-1.343-3-3s1.343-3,3-3s3,1.343,3,3S13.657,15,12,15z M16.804,6.116c-0.596,0-1.08,0.484-1.08,1.08 s0.484,1.08,1.08,1.08c0.596,0,1.08-0.484,1.08-1.08S17.401,6.116,16.804,6.116z\"><\/path><\/svg><span class=\"wp-block-social-link-label screen-reader-text\">Instagram<\/span><\/a><\/li><\/ul>\n\n\n\n<div class=\"wp-block-buttons is-layout-flex wp-block-buttons-is-layout-flex\">\n<div class=\"wp-block-button\"><a class=\"wp-block-button__link wp-element-button\" href=\"https:\/\/api.whatsapp.com\/send?phone=5511967999978\">96799-9978<\/a><\/div>\n<\/div>\n\n\n\n<div style=\"height:100px\" aria-hidden=\"true\" class=\"wp-block-spacer\"><\/div>\n\n\n\n<hr class=\"wp-block-separator has-css-opacity\"\/>\n\n\n\n<div class=\"wp-block-columns alignwide are-vertically-aligned-top is-not-stacked-on-mobile is-layout-flex wp-container-core-columns-is-layout-3 wp-block-columns-is-layout-flex\">\n<div class=\"wp-block-column is-layout-flow wp-block-column-is-layout-flow\" style=\"flex-basis:50%\">\n<p>&nbsp;<\/p>\n<\/div>\n<\/div>\n","protected":false},"excerpt":{"rendered":"<p>Sobre Obras realizadas J\u00e1 fizemos v\u00e1rios trabalhos (pequeno, m\u00e9dio e grande) com empresas renomeadas no mercado, resid\u00eancias, Igrejas e condom\u00ednios. E voc\u00ea vai ser o pr\u00f3ximo? Restaura\u00e7\u00e3o de Ard\u00f3sia Sua ard\u00f3sia, manchou e perdeu o brilho? Nosso tratamento exclusivo \u00e9 poderoso no tratamento de manchas e recupera\u00e7\u00e3o de brilho de Ard\u00f3sia. Servi\u00e7os Sobre nosso processo<a class=\"more-link\" href=\"https:\/\/jocaobras.com\/index.php\/polimento-de-porcelanato\/\">Continue reading <span class=\"screen-reader-text\">&#8220;Polimento de Porcelanato&#8221;<\/span><\/a><\/p>\n","protected":false},"author":1,"featured_media":0,"parent":0,"menu_order":0,"comment_status":"closed","ping_status":"closed","template":"","meta":{"om_disable_all_campaigns":false,"_monsterinsights_skip_tracking":false,"_monsterinsights_sitenote_active":false,"_monsterinsights_sitenote_note":"","_monsterinsights_sitenote_category":0,"footnotes":""},"class_list":["post-445","page","type-page","status-publish","hentry","entry"],"_links":{"self":[{"href":"https:\/\/jocaobras.com\/index.php\/wp-json\/wp\/v2\/pages\/445","targetHints":{"allow":["GET"]}}],"collection":[{"href":"https:\/\/jocaobras.com\/index.php\/wp-json\/wp\/v2\/pages"}],"about":[{"href":"https:\/\/jocaobras.com\/index.php\/wp-json\/wp\/v2\/types\/page"}],"author":[{"embeddable":true,"href":"https:\/\/jocaobras.com\/index.php\/wp-json\/wp\/v2\/users\/1"}],"replies":[{"embeddable":true,"href":"https:\/\/jocaobras.com\/index.php\/wp-json\/wp\/v2\/comments?post=445"}],"version-history":[{"count":1,"href":"https:\/\/jocaobras.com\/index.php\/wp-json\/wp\/v2\/pages\/445\/revisions"}],"predecessor-version":[{"id":510,"href":"https:\/\/jocaobras.com\/index.php\/wp-json\/wp\/v2\/pages\/445\/revisions\/510"}],"wp:attachment":[{"href":"https:\/\/jocaobras.com\/index.php\/wp-json\/wp\/v2\/media?parent=445"}],"curies":[{"name":"wp","href":"https:\/\/api.w.org\/{rel}","templated":true}]}}