{"id":453,"date":"2022-07-01T10:16:33","date_gmt":"2022-07-01T14:16:33","guid":{"rendered":"https:\/\/reformasjoca.wordpress.com\/?page_id=453"},"modified":"2023-05-01T13:38:05","modified_gmt":"2023-05-01T13:38:05","slug":"pedras-e-pisos","status":"publish","type":"page","link":"https:\/\/jocaobras.com\/index.php\/pedras-e-pisos\/","title":{"rendered":"Pisos e Pedras"},"content":{"rendered":"\n<div class=\"wp-block-media-text alignfull has-media-on-the-right is-stacked-on-mobile has-primary-background-color has-background\"><div class=\"wp-block-media-text__content\">\n\n<div style=\"height:64px;\" aria-hidden=\"true\" class=\"wp-block-spacer\"><\/div>\n\n\n<h1 class=\"wp-block-heading\">Nosso polimento e restaura\u00e7\u00e3o  remove as manchas mais dif\u00edceis e devolve brilho.  <\/h1>\n\n\n<p>Perguntas? Estamos aqui para ajudar. Fale Direto com especialista. Envie Whatsapp j\u00e1!<\/p>\n\n\n<div class=\"wp-block-button is-style-outline is-style-outline--1\"><a class=\"wp-block-button__link has-background-color has-text-color wp-element-button\" href=\"https:\/\/api.whatsapp.com\/send?phone=5511967999978\">(11) 96799-9978<\/a><\/div>\n\n\n<div style=\"height:64px;\" aria-hidden=\"true\" class=\"wp-block-spacer\"><\/div>\n\n<\/div><figure class=\"wp-block-media-text__media\"><img loading=\"lazy\" decoding=\"async\" width=\"800\" height=\"533\" src=\"https:\/\/jocaobras.com\/wp-content\/uploads\/2021\/07\/adobestock_300248363-2.jpeg?w=750\" alt=\"\" class=\"wp-image-65 size-full\" srcset=\"https:\/\/jocaobras.com\/wp-content\/uploads\/2021\/07\/adobestock_300248363-2.jpeg 800w, https:\/\/jocaobras.com\/wp-content\/uploads\/2021\/07\/adobestock_300248363-2-300x200.jpeg 300w, https:\/\/jocaobras.com\/wp-content\/uploads\/2021\/07\/adobestock_300248363-2-768x512.jpeg 768w\" sizes=\"auto, (max-width: 800px) 100vw, 800px\" \/><\/figure><\/div>\n\n\n\n<div class=\"wp-block-group alignfull has-background-background-color has-background\"><div class=\"wp-block-group__inner-container is-layout-flow wp-block-group-is-layout-flow\">\n<div style=\"height:32px\" aria-hidden=\"true\" class=\"wp-block-spacer\"><\/div>\n\n\n\n<p class=\"has-text-align-center margin-bottom-half has-small-font-size\"><strong>Servi\u00e7os<\/strong><\/p>\n\n\n\n<h2 class=\"has-text-align-center margin-top-half wp-block-heading\">QUAL PEDRA PRECISA SER RESTAURADA?<\/h2>\n\n\n\n<hr class=\"wp-block-separator has-css-opacity\"\/>\n\n\n\n<div class=\"wp-block-columns is-layout-flex wp-container-core-columns-is-layout-1 wp-block-columns-is-layout-flex\">\n<div class=\"wp-block-column is-layout-flow wp-block-column-is-layout-flow\">\n<div class=\"wp-block-buttons is-layout-flex wp-block-buttons-is-layout-flex\">\n<div class=\"wp-block-button\"><a class=\"wp-block-button__link\" href=\"https:\/\/jocaobras.com\/index.php\/polimento-de-ardosia\/\">ARD\u00d3SIA<\/a><\/div>\n<\/div>\n<\/div>\n\n\n\n<div class=\"wp-block-column is-layout-flow wp-block-column-is-layout-flow\">\n<div class=\"wp-block-buttons is-layout-flex wp-block-buttons-is-layout-flex\">\n<div class=\"wp-block-button\"><a class=\"wp-block-button__link\" href=\"https:\/\/jocaobras.com\/index.php\/restauracao-de-granilite\/\">GRANILITE<\/a><\/div>\n<\/div>\n<\/div>\n\n\n\n<div class=\"wp-block-column is-layout-flow wp-block-column-is-layout-flow\">\n<div class=\"wp-block-buttons is-layout-flex wp-block-buttons-is-layout-flex\">\n<div class=\"wp-block-button\"><a class=\"wp-block-button__link\" href=\"https:\/\/jocaobras.com\/index.php\/polimento-de-porcelanato\/\">PORCELANATO<\/a><\/div>\n<\/div>\n<\/div>\n<\/div>\n\n\n\n<div style=\"height:14px\" aria-hidden=\"true\" class=\"wp-block-spacer\"><\/div>\n\n\n\n<div class=\"wp-block-columns is-layout-flex wp-container-core-columns-is-layout-2 wp-block-columns-is-layout-flex\">\n<div class=\"wp-block-column is-layout-flow wp-block-column-is-layout-flow\">\n<div class=\"wp-block-buttons is-layout-flex wp-block-buttons-is-layout-flex\">\n<div class=\"wp-block-button\"><a class=\"wp-block-button__link\">M\u00c1RMORE<\/a><\/div>\n<\/div>\n<\/div>\n\n\n\n<div class=\"wp-block-column is-layout-flow wp-block-column-is-layout-flow\">\n<div class=\"wp-block-buttons is-layout-flex wp-block-buttons-is-layout-flex\">\n<div class=\"wp-block-button\"><a class=\"wp-block-button__link\" href=\"https:\/\/jocaobras.com\/index.php\/restauracao-de-granito\/\">GRANITO<\/a><\/div>\n<\/div>\n<\/div>\n\n\n\n<div class=\"wp-block-column is-layout-flow wp-block-column-is-layout-flow\"><\/div>\n<\/div>\n\n\n\n<div style=\"height:100px\" aria-hidden=\"true\" class=\"wp-block-spacer\"><\/div>\n\n\n\n<div class=\"wp-block-columns alignwide is-layout-flex wp-container-core-columns-is-layout-3 wp-block-columns-is-layout-flex\">\n<div class=\"wp-block-column is-layout-flow wp-block-column-is-layout-flow\">\n<figure class=\"wp-block-image size-large\"><img loading=\"lazy\" decoding=\"async\" width=\"800\" height=\"533\" src=\"https:\/\/jocaobras.com\/wp-content\/uploads\/2021\/07\/adobestock_119569383.jpeg?w=750\" alt=\"\" class=\"wp-image-83\" srcset=\"https:\/\/jocaobras.com\/wp-content\/uploads\/2021\/07\/adobestock_119569383.jpeg 800w, https:\/\/jocaobras.com\/wp-content\/uploads\/2021\/07\/adobestock_119569383-300x200.jpeg 300w, https:\/\/jocaobras.com\/wp-content\/uploads\/2021\/07\/adobestock_119569383-768x512.jpeg 768w\" sizes=\"auto, (max-width: 800px) 100vw, 800px\" \/><figcaption class=\"wp-element-caption\">Limpeza de Piso e Pedra Profissional, Residencial, P\u00f3s-obra, Comercial, Industrial e Predial. <\/figcaption><\/figure>\n\n\n\n<p><strong>Tratamento de sujeiras e Lavagem Profunda.&nbsp;<\/strong>Nossa sistema de <span style=\"text-decoration:underline;\"><em>tratamento profundo, <\/em><\/span><em>realizado com m\u00e1quina industrial  e\/ou m\u00e1quina de alto press\u00e3o <\/em>\u00e9 super poderoso no tratamento de sujeira e manchas em pisos ard\u00f3sia, granilite, cer\u00e2mica, porcelanato. Pronto para renovar a apar\u00eancia de seu piso? Envie fotos da sua pedra por WhatsApp para 96799-9978 para um <em>or\u00e7amento r\u00e1pido<\/em> sem compromisso. <\/p>\n\n\n\n<p><\/p>\n<\/div>\n\n\n\n<div class=\"wp-block-column is-layout-flow wp-block-column-is-layout-flow\">\n<figure class=\"wp-block-image size-large\"><img loading=\"lazy\" decoding=\"async\" width=\"800\" height=\"533\" src=\"https:\/\/jocaobras.com\/wp-content\/uploads\/2021\/07\/adobestock_120234977.jpeg?w=750\" alt=\"\" class=\"wp-image-97\" srcset=\"https:\/\/jocaobras.com\/wp-content\/uploads\/2021\/07\/adobestock_120234977.jpeg 800w, https:\/\/jocaobras.com\/wp-content\/uploads\/2021\/07\/adobestock_120234977-300x200.jpeg 300w, https:\/\/jocaobras.com\/wp-content\/uploads\/2021\/07\/adobestock_120234977-768x512.jpeg 768w\" sizes=\"auto, (max-width: 800px) 100vw, 800px\" \/><figcaption class=\"wp-element-caption\">Raspagem de Piso e pedra Profissional, Lapida\u00e7\u00e3o de pisos e pedras, polimento profissional, Restaura\u00e7\u00e3o de pisos e pedras<\/figcaption><\/figure>\n\n\n\n<p><strong>Restaura\u00e7\u00e3o de brilho natural e tratamento de manchas<\/strong>. Nosso Processo Exclusivo de Polimento realizado com m\u00e1quina industrial com <strong>lixas diamantadas<\/strong> \u00e9&nbsp;<strong>Ultra-forte na remo\u00e7\u00e3o da maioria das&nbsp;manchas,&nbsp;riscos, encardidos<\/strong>&nbsp;e restaura\u00e7\u00e3o do brilho original da pedra com&nbsp;at\u00e9 99% de efic\u00e1cia!  Nosso tratamento de piso\/pedra recupera o brilho original da sua pedra.&nbsp;Esse tratamento \u00e9 recomendado para pedras Granito,  granilite, m\u00e1rmore, concreto. <\/p>\n<\/div>\n\n\n\n<div class=\"wp-block-column is-layout-flow wp-block-column-is-layout-flow\">\n<figure class=\"wp-block-image size-large\"><img loading=\"lazy\" decoding=\"async\" width=\"800\" height=\"533\" src=\"https:\/\/jocaobras.com\/wp-content\/uploads\/2021\/07\/adobestock_252140167-e1628116103320.jpeg?w=800\" alt=\"\" class=\"wp-image-85\" srcset=\"https:\/\/jocaobras.com\/wp-content\/uploads\/2021\/07\/adobestock_252140167-e1628116103320.jpeg 800w, https:\/\/jocaobras.com\/wp-content\/uploads\/2021\/07\/adobestock_252140167-e1628116103320-300x200.jpeg 300w, https:\/\/jocaobras.com\/wp-content\/uploads\/2021\/07\/adobestock_252140167-e1628116103320-768x512.jpeg 768w\" sizes=\"auto, (max-width: 800px) 100vw, 800px\" \/><figcaption class=\"wp-element-caption\">Impermeabiliza\u00e7\u00e3o de piso e pedra, recupera\u00e7\u00e3o de brilho, aplica\u00e7\u00e3o de resina <\/figcaption><\/figure>\n\n\n\n<p><strong>Brilho resina.<\/strong>      Nosso tratamento em brilho resina<strong> <\/strong>revitaliza e devolve a vida para seu piso. Esse processo de Impermeabiliza\u00e7\u00e3o e\/ou aplica\u00e7\u00e3o de resina protege a pedra\/piso, facilita a limpeza e renova seu ambiente. <\/p>\n<\/div>\n<\/div>\n\n\n\n<div style=\"height:32px\" aria-hidden=\"true\" class=\"wp-block-spacer\"><\/div>\n\n\n\n<p class=\"has-text-align-left has-large-font-size\"><\/p>\n<\/div><\/div>\n\n\n\n<div class=\"wp-block-group alignfull\"><div class=\"wp-block-group__inner-container is-layout-flow wp-block-group-is-layout-flow\">\n<div style=\"height:32px\" aria-hidden=\"true\" class=\"wp-block-spacer\"><\/div>\n\n\n\n<div class=\"wp-block-media-text alignwide is-stacked-on-mobile is-image-fill\"><figure class=\"wp-block-media-text__media\" style=\"background-image:url(https:\/\/jocaobras.com\/wp-content\/uploads\/2021\/07\/adobestock_227824546.jpeg?w=750);background-position:50% 50%\"><img loading=\"lazy\" decoding=\"async\" width=\"800\" height=\"534\" src=\"https:\/\/jocaobras.com\/wp-content\/uploads\/2021\/07\/adobestock_227824546.jpeg?w=750\" alt=\"\" class=\"wp-image-96 size-full\" srcset=\"https:\/\/jocaobras.com\/wp-content\/uploads\/2021\/07\/adobestock_227824546.jpeg 800w, https:\/\/jocaobras.com\/wp-content\/uploads\/2021\/07\/adobestock_227824546-300x200.jpeg 300w, https:\/\/jocaobras.com\/wp-content\/uploads\/2021\/07\/adobestock_227824546-768x513.jpeg 768w\" sizes=\"auto, (max-width: 800px) 100vw, 800px\" \/><\/figure><div class=\"wp-block-media-text__content\">\n<div style=\"height:32px\" aria-hidden=\"true\" class=\"wp-block-spacer\"><\/div>\n\n\n\n<h3 class=\"wp-block-heading\">Sua Pedra Limpa. Brilhosa. Atrativa!<\/h3>\n\n\n\n<p>Aqui na Joca Obras, nossa meta \u00e9 valorizar seu im\u00f3vel e dar vida a seu espa\u00e7o. <strong>Nosso diferencial:<\/strong><\/p>\n\n\n\n<ol class=\"wp-block-list\">\n\n<li><strong>Restaura\u00e7\u00e3o de Pisos\/Pedras de qualidade. <\/strong>Nossos sistemas exclusivos s\u00e3o <span style=\"text-decoration:underline;\">super poderosos no tratamento de manchas e restaura\u00e7\u00e3o de brilho<\/span>. <\/li>\n\n\n<li><strong><strong>Confian\u00e7a<\/strong><\/strong>. A Joca Obras \u00e9&nbsp;regularizada e oferece <span style=\"text-decoration:underline;\">nota fiscal eletr\u00f4nica.<\/span> <\/li>\n\n\n<li><strong>30 anos de experi\u00eancia. <\/strong>Nossos polidores s\u00e3o <span style=\"text-decoration:underline;\">experts em recupera\u00e7\u00e3o de brilho e remo\u00e7\u00e3o de manchas<\/span> e riscos. <\/li>\n\n\n<li><strong>Refer\u00eancia De Servi\u00e7os. <\/strong>Temos experi\u00eancia em reformas com empresas renomeadas como a <strong>Cruzeiro do Sul e Univar<\/strong> e mais!<\/li>\n\n\n<li><strong>Material de Qualidade.<\/strong> Trabalhamos apenas com <span style=\"text-decoration:underline;\">m\u00e1quinas industriais poderosas <\/span>na restaura\u00e7\u00e3o de pisos e os <span style=\"text-decoration:underline;\">melhores produtos. <\/span><\/li>\n\n\n<li><strong>Atendimento Personalizado. <\/strong>Aqui voc\u00ea <span style=\"text-decoration:underline;\">fala direto com nosso especialista em piso<\/span>s, Santana, por telefone. Santana, dono da Joca Obras, tamb\u00e9m trabalha em todas as obras para garantir qualidade, <\/li>\n\n\n<li><strong>Visita Gr\u00e1tis.<\/strong> Para servi\u00e7os de m\u00e9dio e grande porte oferecemos visita de especialista de piso para inspec\u00e7\u00e3o de pisos\/pedras.  <\/li>\n\n<\/ol>\n\n\n\n<div style=\"height:32px\" aria-hidden=\"true\" class=\"wp-block-spacer\"><\/div>\n<\/div><\/div>\n\n\n\n<div style=\"height:32px\" aria-hidden=\"true\" class=\"wp-block-spacer\"><\/div>\n\n\n\n<div class=\"wp-block-columns alignwide margin-top-none is-layout-flex wp-container-core-columns-is-layout-4 wp-block-columns-is-layout-flex\">\n<div class=\"wp-block-column is-layout-flow wp-block-column-is-layout-flow\">\n<figure class=\"wp-block-jetpack-rating-star margin-bottom-half\" style=\"text-align:center;\"><span>\u2605<\/span><span>\u2605<\/span><span>\u2605<\/span><span>\u2605<\/span><span>\u2605<\/span><\/figure>\n\n\n\n<p class=\"has-text-align-center margin-top-half\"><strong>Univar Brasil: &#8220;Servi\u00e7o altamente Profissional&#8221;<\/strong><\/p>\n\n\n\n<p class=\"has-text-align-center margin-bottom-none has-small-font-size\">&#8220;Empresa s\u00e9ria e competente, dif\u00edcil de encontrar algu\u00e9m assim no mercado. Servi\u00e7o r\u00e1pido, limpo e altamente profissional. Qualidade assegurada. Recomendo a todos. J\u00e1 fiz v\u00e1rios trabalhos com eles e me sinto muito seguro, principalmente com os pre\u00e7os praticados.&#8221;<\/p>\n\n\n\n<p class=\"has-text-align-center margin-top-none has-small-font-size\"><strong>Univar Brasil &#8211; Douglas Coelho<\/strong><\/p>\n<\/div>\n\n\n\n<div class=\"wp-block-column is-layout-flow wp-block-column-is-layout-flow\">\n<figure class=\"wp-block-jetpack-rating-star margin-bottom-half\" style=\"text-align:center;\"><span>\u2605<\/span><span>\u2605<\/span><span>\u2605<\/span><span>\u2605<\/span><span>\u2605<\/span><\/figure>\n\n\n\n<p class=\"has-text-align-center margin-top-half\"><strong>Marinha de S\u00e3o Paulo<\/strong>: <strong>&#8220;Profissionais atentos&#8221;<\/strong><\/p>\n\n\n\n<p class=\"has-text-align-center margin-bottom-none has-small-font-size\">&#8220;Reforma realizada na cantina localizada no&nbsp;Centro Tecnol\u00f3gico da Marinha&nbsp;em S\u00e3o Paulo, respeitando o&nbsp;<strong>prazo determinado<\/strong>, material de boa qualidade, pre\u00e7o na m\u00e9dia do mercado, profissionais atentos e educados, cumprindo aquilo que foi determinado.&#8221;<\/p>\n\n\n\n<p class=\"has-text-align-center margin-top-none has-small-font-size\"><strong>Marinha de S\u00e3o Paulo &#8211;<\/strong> <strong>Amilson Ribeiro<\/strong><\/p>\n<\/div>\n\n\n\n<div class=\"wp-block-column is-layout-flow wp-block-column-is-layout-flow\">\n<figure class=\"wp-block-jetpack-rating-star margin-bottom-half\" style=\"text-align:center;\"><span>\u2605<\/span><span>\u2605<\/span><span>\u2605<\/span><span>\u2605<\/span><span>\u2605<\/span><\/figure>\n\n\n\n<p class=\"has-text-align-center margin-top-half\"><strong>HJ Brasil: &#8220;Atendimento de excel\u00eancia&#8221;<\/strong><\/p>\n\n\n\n<p class=\"has-small-font-size\">&#8220;Sempre conto com a presteza dos servi\u00e7os do Joca Obras.&nbsp;Atendimento de excel\u00eancia, honestidade, pre\u00e7o justo e rapidez. Super recomendo&#8221;.<\/p>\n\n\n\n<p class=\"has-text-align-center margin-top-none has-small-font-size\"><strong>Herika- HJ Entregas<\/strong><\/p>\n<\/div>\n<\/div>\n\n\n\n<div style=\"height:32px\" aria-hidden=\"true\" class=\"wp-block-spacer\"><\/div>\n<\/div><\/div>\n\n\n\n<div class=\"wp-block-cover alignwide is-light\"><span aria-hidden=\"true\" class=\"wp-block-cover__background has-background-dim-30 has-background-dim\"><\/span><img loading=\"lazy\" decoding=\"async\" width=\"940\" height=\"788\" class=\"wp-block-cover__image-background wp-image-180\" alt=\"\" src=\"https:\/\/jocaobras.com\/wp-content\/uploads\/2021\/08\/unear-6.png\" style=\"object-position:54% 81%\" data-object-fit=\"cover\" data-object-position=\"54% 81%\" srcset=\"https:\/\/jocaobras.com\/wp-content\/uploads\/2021\/08\/unear-6.png 940w, https:\/\/jocaobras.com\/wp-content\/uploads\/2021\/08\/unear-6-300x251.png 300w, https:\/\/jocaobras.com\/wp-content\/uploads\/2021\/08\/unear-6-768x644.png 768w\" sizes=\"auto, (max-width: 940px) 100vw, 940px\" \/><div class=\"wp-block-cover__inner-container is-layout-flow wp-block-cover-is-layout-flow\">\n<h2 class=\"has-text-align-center margin-top-half wp-block-heading\">                <\/h2>\n\n\n\n<div style=\"height:32px\" aria-hidden=\"true\" class=\"wp-block-spacer\"><\/div>\n<\/div><\/div>\n\n\n\n<div style=\"height:100px\" aria-hidden=\"true\" class=\"wp-block-spacer\"><\/div>\n\n\n\n<h2 class=\"wp-block-heading\">Experi\u00eancia nos estabelecimentos:<\/h2>\n\n\n\n<hr class=\"wp-block-separator has-css-opacity\"\/>\n\n\n\n<p>Restaura\u00e7\u00e3o de&nbsp;<strong>Piso&nbsp;em Resid\u00eancias e&nbsp;Condom\u00ednios<\/strong><\/p>\n\n\n\n<p>Lavagem de&nbsp;<strong>Piso de&nbsp;Restaurantes e&nbsp;<\/strong><strong>Mercados<\/strong><\/p>\n\n\n\n<p>Tratamento de Piso de&nbsp;<strong>Lojas e&nbsp;Shoppings<\/strong><\/p>\n\n\n\n<p>Lapida\u00e7\u00e3o de Piso de<strong> Igrejas e&nbsp;Escolas<\/strong><\/p>\n\n\n\n<p>Polimento de Pisos em&nbsp;<strong>Espa\u00e7os Comerciais e&nbsp;<\/strong><strong>Escrit\u00f3rios<\/strong><\/p>\n\n\n\n<p>Restaura\u00e7\u00e3o de Pisos em&nbsp;<strong>Hospitais e&nbsp;<\/strong><strong>Escrit\u00f3rios<\/strong><\/p>\n","protected":false},"excerpt":{"rendered":"<p>Servi\u00e7os QUAL PEDRA PRECISA SER RESTAURADA? Tratamento de sujeiras e Lavagem Profunda.&nbsp;Nossa sistema de tratamento profundo, realizado com m\u00e1quina industrial e\/ou m\u00e1quina de alto press\u00e3o \u00e9 super poderoso no tratamento de sujeira e manchas em pisos ard\u00f3sia, granilite, cer\u00e2mica, porcelanato. Pronto para renovar a apar\u00eancia de seu piso? Envie fotos da sua pedra por WhatsApp<a class=\"more-link\" href=\"https:\/\/jocaobras.com\/index.php\/pedras-e-pisos\/\">Continue reading <span class=\"screen-reader-text\">&#8220;Pisos e Pedras&#8221;<\/span><\/a><\/p>\n","protected":false},"author":1,"featured_media":0,"parent":0,"menu_order":0,"comment_status":"closed","ping_status":"closed","template":"","meta":{"om_disable_all_campaigns":false,"_monsterinsights_skip_tracking":false,"_monsterinsights_sitenote_active":false,"_monsterinsights_sitenote_note":"","_monsterinsights_sitenote_category":0,"footnotes":""},"class_list":["post-453","page","type-page","status-publish","hentry","entry"],"_links":{"self":[{"href":"https:\/\/jocaobras.com\/index.php\/wp-json\/wp\/v2\/pages\/453","targetHints":{"allow":["GET"]}}],"collection":[{"href":"https:\/\/jocaobras.com\/index.php\/wp-json\/wp\/v2\/pages"}],"about":[{"href":"https:\/\/jocaobras.com\/index.php\/wp-json\/wp\/v2\/types\/page"}],"author":[{"embeddable":true,"href":"https:\/\/jocaobras.com\/index.php\/wp-json\/wp\/v2\/users\/1"}],"replies":[{"embeddable":true,"href":"https:\/\/jocaobras.com\/index.php\/wp-json\/wp\/v2\/comments?post=453"}],"version-history":[{"count":6,"href":"https:\/\/jocaobras.com\/index.php\/wp-json\/wp\/v2\/pages\/453\/revisions"}],"predecessor-version":[{"id":563,"href":"https:\/\/jocaobras.com\/index.php\/wp-json\/wp\/v2\/pages\/453\/revisions\/563"}],"wp:attachment":[{"href":"https:\/\/jocaobras.com\/index.php\/wp-json\/wp\/v2\/media?parent=453"}],"curies":[{"name":"wp","href":"https:\/\/api.w.org\/{rel}","templated":true}]}}