{"id":477,"date":"2022-09-29T22:47:30","date_gmt":"2022-09-29T22:47:30","guid":{"rendered":"https:\/\/reformasjoca.wordpress.com\/?page_id=477"},"modified":"2023-05-03T23:35:16","modified_gmt":"2023-05-03T23:35:16","slug":"nossa-historia","status":"publish","type":"page","link":"https:\/\/jocaobras.com\/index.php\/nossa-historia\/","title":{"rendered":"Nossa Hist\u00f3ria"},"content":{"rendered":"\n<div class=\"wp-block-buttons is-layout-flex wp-block-buttons-is-layout-flex\">\n<div class=\"wp-block-button\"><a class=\"wp-block-button__link wp-element-button\" href=\"https:\/\/jocaobras.com\/index.php\/pedras-e-pisos\/\">VEJA NOSSOS SERVI\u00c7OS<\/a><\/div>\n<\/div>\n\n\n\n<div class=\"wp-block-buttons is-layout-flex wp-block-buttons-is-layout-flex\">\n<div class=\"wp-block-button\"><a class=\"wp-block-button__link wp-element-button\" href=\"https:\/\/api.whatsapp.com\/send?phone=5511967999978\" target=\"_blank\" rel=\"noreferrer noopener\">PE\u00c7A OR\u00c7AMENTO: (11) 96799-9978<\/a><\/div>\n<\/div>\n\n\n\n<div class=\"wp-block-buttons is-layout-flex wp-block-buttons-is-layout-flex\">\n<div class=\"wp-block-button\"><a class=\"wp-block-button__link wp-element-button\" href=\"https:\/\/jocaobras.com\/index.php\/depoimentos\/\">VER DEPOIMENTOS <\/a><\/div>\n<\/div>\n\n\n\n<div class=\"wp-block-buttons is-layout-flex wp-block-buttons-is-layout-flex\">\n<div class=\"wp-block-button\"><a class=\"wp-block-button__link wp-element-button\" href=\"https:\/\/jocaobras.com\/index.php\/fotos-2\/\" rel=\"\">VER FOTOS DE OBRAS<\/a><\/div>\n<\/div>\n\n\n\n<div style=\"height:25px\" aria-hidden=\"true\" class=\"wp-block-spacer\"><\/div>\n\n\n\n<h2 class=\"wp-block-heading\">COMO TUDO COME\u00c7OU:<\/h2>\n\n\n\n<div class=\"wp-block-group alignfull has-text-color has-background has-link-color wp-elements-93ad81792705e6e37802f05dd7f85a9a\" style=\"background-color:#ffffff;color:#000000;margin-top:0px;margin-bottom:0px;padding-top:7vw;padding-bottom:7vw\"><div class=\"wp-block-group__inner-container is-layout-constrained wp-block-group-is-layout-constrained\">\n<div class=\"wp-block-columns alignwide is-layout-flex wp-container-core-columns-is-layout-1 wp-block-columns-is-layout-flex\">\n<div class=\"wp-block-column is-layout-flow wp-block-column-is-layout-flow\" style=\"flex-basis:66.66%\">\n<p>Oi, aqui \u00e9 o Sant\u2019Ana, Restaurador e Polidor de Piso Profissional e Dono da Joca Obras. <\/p>\n\n\n\n<p>Eu me lembro saindo da Bahia menino e assistindo meus pais consertar tudo que era quebrado. <\/p>\n\n\n\n<p>O r\u00e1dio quebrava a gente arrumava. <\/p>\n\n\n\n<p>A roupa rasgava a gente costurava. <\/p>\n\n\n\n<p>Sof\u00e1 furava a gente reformava. <\/p>\n\n\n\n<p>E assim sempre foi a minha vida inteira. Nos meus 20 anos, comecei trabalhar com pisos. <\/p>\n\n\n\n<p>Me apaixonei pela profiss\u00e3o de transformar pisos velhos e restaurar o brilho que se perdeu. <\/p>\n\n\n\n<p>Por que arrumar \u00e9 melhor que jogar fora, n\u00e3o \u00e9?&nbsp;<\/p>\n\n\n\n<p>Assim vivo o que aprendi na minha inf\u00e2ncia na minha profiss\u00e3o. Renovando, transformando e devolvendo&nbsp;brilho n\u00e3o s\u00f3 para pisos, mas para os olhos dos meu clientes, amigos e familiares. <\/p>\n\n\n\n<p><strong>Sant\u2019Ana<\/strong> <\/p>\n\n\n\n<p>Restaurador e Polidor de Piso Profissional e Dono da Joca Obras<\/p>\n\n\n\n<p>96799-9978<\/p>\n<\/div>\n\n\n\n<div class=\"wp-block-column is-layout-flow wp-block-column-is-layout-flow\" style=\"flex-basis:33.33%\">\n<figure class=\"wp-block-image size-full\"><img loading=\"lazy\" decoding=\"async\" width=\"475\" height=\"464\" src=\"https:\/\/jocaobras.com\/wp-content\/uploads\/2023\/05\/img_2209.jpg\" alt=\"\" class=\"wp-image-639\" srcset=\"https:\/\/jocaobras.com\/wp-content\/uploads\/2023\/05\/img_2209.jpg 475w, https:\/\/jocaobras.com\/wp-content\/uploads\/2023\/05\/img_2209-300x293.jpg 300w\" sizes=\"auto, (max-width: 475px) 100vw, 475px\" \/><\/figure>\n<\/div>\n<\/div>\n\n\n\n<div style=\"height:100px\" aria-hidden=\"true\" class=\"wp-block-spacer\"><\/div>\n\n\n\n<h2 class=\"wp-block-heading\">SOBRE A EMPRESA<\/h2>\n<\/div><\/div>\n\n\n\n<p>Somos uma pequena empresa e nossa meta \u00e9 valorizar seu im\u00f3vel e dar vida a seu espa\u00e7o. <strong>Nosso diferencial:<\/strong><\/p>\n\n\n\n<ol class=\"wp-block-list\">\n\n<li><strong>Restaura\u00e7\u00e3o de Pisos\/Pedras de qualidade.&nbsp;<\/strong>Nossos sistemas exclusivos s\u00e3o&nbsp;super poderosos no tratamento de manchas e restaura\u00e7\u00e3o de brilho.&nbsp;<\/li>\n\n\n<li><strong>Confian\u00e7a<\/strong>. A Joca Obras \u00e9&nbsp;regularizada e oferece&nbsp;nota fiscal eletr\u00f4nica.<\/li>\n\n\n<li><strong>30 anos de experi\u00eancia.&nbsp;<\/strong>Nossos polidores s\u00e3o&nbsp;experts em recupera\u00e7\u00e3o de brilho e remo\u00e7\u00e3o de manchas&nbsp;e riscos.&nbsp;<\/li>\n\n\n<li><strong>Refer\u00eancia De Servi\u00e7os.&nbsp;<\/strong>Temos experi\u00eancia em reformas com empresas renomeadas como a&nbsp;<strong>Cruzeiro do Sul e Univar<\/strong>&nbsp;e mais!<\/li>\n\n\n<li><strong>Material de Qualidade.<\/strong>&nbsp;Trabalhamos apenas com&nbsp;m\u00e1quinas industriais poderosas&nbsp;na restaura\u00e7\u00e3o de pisos e os&nbsp;melhores produtos.&nbsp;<\/li>\n\n\n<li><strong>Atendimento Personalizado.&nbsp;<\/strong>Aqui voc\u00ea&nbsp;fala direto com nosso especialista em pisos, Santana, por telefone. Santana, dono da Joca Obras, tamb\u00e9m trabalha em todas as obras para garantir qualidade,&nbsp;<\/li>\n\n\n<li><strong>Visita Gr\u00e1tis.<\/strong>&nbsp;Para servi\u00e7os de m\u00e9dio e grande porte oferecemos visita de especialista de piso para inspec\u00e7\u00e3o de pisos\/pedras.<\/li>\n\n<\/ol>\n\n\n\n<div style=\"height:100px\" aria-hidden=\"true\" class=\"wp-block-spacer\"><\/div>\n\n\n\n<h2 class=\"has-text-align-center wp-block-heading\">Servi\u00e7os<\/h2>\n\n\n\n<p>Bem vindo a nosso site. Somos especialistas de limpeza, restaura\u00e7\u00e3o e polimento de pisos e pedras. Trabalhamos com as seguintes pedras:<\/p>\n\n\n\n<ul class=\"wp-block-list\"><li><a href=\"https:\/\/jocaobras.com\/index.php\/polimento-de-ardosia\/\" title=\"Polimento de Ard\u00f3sia\">Ard\u00f3sia<\/a><\/li><li><a href=\"https:\/\/jocaobras.com\/index.php\/restauracao-de-granilite\/\" title=\"Restaura\u00e7\u00e3o de Granilite\">Granilite<\/a><\/li><li><a href=\"https:\/\/jocaobras.com\/index.php\/restauracao-de-granito\/\" title=\"Restaura\u00e7\u00e3o de Granito\">Granito<\/a> <\/li><li><a href=\"https:\/\/jocaobras.com\/index.php\/restauracao-de-brilho-natural\/\" title=\"Restaura\u00e7\u00e3o de M\u00e1rmore\">M\u00e1rmore <\/a><\/li><li><a href=\"https:\/\/jocaobras.com\/index.php\/polimento-de-porcelanato\/\" title=\"Polimento de Porcelanato\">Porcelanato<\/a><\/li><\/ul>\n\n\n\n<div style=\"height:100px\" aria-hidden=\"true\" class=\"wp-block-spacer\"><\/div>\n\n\n\n<h2 class=\"has-text-align-center wp-block-heading\">Como Podemos ajudar?<\/h2>\n\n\n\n<ul class=\"wp-block-list\"><li><a href=\"https:\/\/jocaobras.com\/index.php\/fotos-2\/\" title=\"Fotos\">Quero ver fotos de Obras<\/a><\/li><li><a href=\"https:\/\/jocaobras.com\/index.php\/depoimentos\/\" title=\"Depoimentos\">Quero ler depoimentos<\/a><\/li><li><a href=\"https:\/\/jocaobras.com\/index.php\/contact\/\" title=\"Contato\">Quero entrar em contato<\/a><\/li><li><a href=\"https:\/\/jocaobras.com\/index.php\/pedras-e-pisos\/\" title=\"Pisos e Pedras\">Quero ler mais sobre servi\u00e7os<\/a><\/li><li><a href=\"https:\/\/jocaobras.com\/index.php\/nossa-historia\/\" title=\"Nossa Hist\u00f3ria\">Quero ler mais sobre a empresa<\/a><\/li><\/ul>\n","protected":false},"excerpt":{"rendered":"<p>COMO TUDO COME\u00c7OU: Oi, aqui \u00e9 o Sant\u2019Ana, Restaurador e Polidor de Piso Profissional e Dono da Joca Obras. Eu me lembro saindo da Bahia menino e assistindo meus pais consertar tudo que era quebrado. O r\u00e1dio quebrava a gente arrumava. A roupa rasgava a gente costurava. Sof\u00e1 furava a gente reformava. E assim sempre<a class=\"more-link\" href=\"https:\/\/jocaobras.com\/index.php\/nossa-historia\/\">Continue reading <span class=\"screen-reader-text\">&#8220;Nossa Hist\u00f3ria&#8221;<\/span><\/a><\/p>\n","protected":false},"author":1,"featured_media":0,"parent":0,"menu_order":0,"comment_status":"closed","ping_status":"closed","template":"","meta":{"om_disable_all_campaigns":false,"_monsterinsights_skip_tracking":false,"_monsterinsights_sitenote_active":false,"_monsterinsights_sitenote_note":"","_monsterinsights_sitenote_category":0,"footnotes":""},"class_list":["post-477","page","type-page","status-publish","hentry","entry"],"_links":{"self":[{"href":"https:\/\/jocaobras.com\/index.php\/wp-json\/wp\/v2\/pages\/477","targetHints":{"allow":["GET"]}}],"collection":[{"href":"https:\/\/jocaobras.com\/index.php\/wp-json\/wp\/v2\/pages"}],"about":[{"href":"https:\/\/jocaobras.com\/index.php\/wp-json\/wp\/v2\/types\/page"}],"author":[{"embeddable":true,"href":"https:\/\/jocaobras.com\/index.php\/wp-json\/wp\/v2\/users\/1"}],"replies":[{"embeddable":true,"href":"https:\/\/jocaobras.com\/index.php\/wp-json\/wp\/v2\/comments?post=477"}],"version-history":[{"count":13,"href":"https:\/\/jocaobras.com\/index.php\/wp-json\/wp\/v2\/pages\/477\/revisions"}],"predecessor-version":[{"id":640,"href":"https:\/\/jocaobras.com\/index.php\/wp-json\/wp\/v2\/pages\/477\/revisions\/640"}],"wp:attachment":[{"href":"https:\/\/jocaobras.com\/index.php\/wp-json\/wp\/v2\/media?parent=477"}],"curies":[{"name":"wp","href":"https:\/\/api.w.org\/{rel}","templated":true}]}}